{"id":31,"date":"2020-02-26T19:59:37","date_gmt":"2020-02-26T19:59:37","guid":{"rendered":"http:\/\/fw-gerda-apitz.de\/?page_id=31"},"modified":"2023-01-08T12:00:36","modified_gmt":"2023-01-08T12:00:36","slug":"ihr-wohlfuehl-wohnbereich","status":"publish","type":"page","link":"https:\/\/fw-gerda-apitz.de\/","title":{"rendered":"Ihr Wohlf\u00fchl &#038; Wohnbereich"},"content":{"rendered":"\n<figure class=\"wp-block-gallery has-nested-images columns-default is-cropped wp-block-gallery-1 is-layout-flex wp-block-gallery-is-layout-flex\">\n<figure class=\"wp-block-image size-large\"><img loading=\"lazy\" decoding=\"async\" width=\"683\" height=\"1024\" data-id=\"50\" src=\"https:\/\/fw-gerda-apitz.de\/wp-content\/uploads\/2020\/02\/IMG_6085_web-683x1024.jpg\" alt=\"\" class=\"wp-image-50\" srcset=\"https:\/\/fw-gerda-apitz.de\/wp-content\/uploads\/2020\/02\/IMG_6085_web-683x1024.jpg 683w, https:\/\/fw-gerda-apitz.de\/wp-content\/uploads\/2020\/02\/IMG_6085_web-200x300.jpg 200w, https:\/\/fw-gerda-apitz.de\/wp-content\/uploads\/2020\/02\/IMG_6085_web-768x1152.jpg 768w, https:\/\/fw-gerda-apitz.de\/wp-content\/uploads\/2020\/02\/IMG_6085_web-1024x1536.jpg 1024w, https:\/\/fw-gerda-apitz.de\/wp-content\/uploads\/2020\/02\/IMG_6085_web-1365x2048.jpg 1365w, https:\/\/fw-gerda-apitz.de\/wp-content\/uploads\/2020\/02\/IMG_6085_web-1140x1710.jpg 1140w, https:\/\/fw-gerda-apitz.de\/wp-content\/uploads\/2020\/02\/IMG_6085_web-scaled.jpg 1707w\" sizes=\"auto, (max-width: 683px) 100vw, 683px\" \/><\/figure>\n\n\n\n<figure class=\"wp-block-image size-large\"><img loading=\"lazy\" decoding=\"async\" width=\"683\" height=\"1024\" data-id=\"53\" src=\"https:\/\/fw-gerda-apitz.de\/wp-content\/uploads\/2020\/02\/IMG_6098_web-683x1024.jpg\" alt=\"\" class=\"wp-image-53\" srcset=\"https:\/\/fw-gerda-apitz.de\/wp-content\/uploads\/2020\/02\/IMG_6098_web-683x1024.jpg 683w, https:\/\/fw-gerda-apitz.de\/wp-content\/uploads\/2020\/02\/IMG_6098_web-200x300.jpg 200w, https:\/\/fw-gerda-apitz.de\/wp-content\/uploads\/2020\/02\/IMG_6098_web-768x1152.jpg 768w, https:\/\/fw-gerda-apitz.de\/wp-content\/uploads\/2020\/02\/IMG_6098_web-1024x1536.jpg 1024w, https:\/\/fw-gerda-apitz.de\/wp-content\/uploads\/2020\/02\/IMG_6098_web-1365x2048.jpg 1365w, https:\/\/fw-gerda-apitz.de\/wp-content\/uploads\/2020\/02\/IMG_6098_web-1140x1710.jpg 1140w, https:\/\/fw-gerda-apitz.de\/wp-content\/uploads\/2020\/02\/IMG_6098_web-scaled.jpg 1707w\" sizes=\"auto, (max-width: 683px) 100vw, 683px\" \/><\/figure>\n\n\n\n<figure class=\"wp-block-image size-large\"><img loading=\"lazy\" decoding=\"async\" width=\"1024\" height=\"683\" data-id=\"56\" src=\"https:\/\/fw-gerda-apitz.de\/wp-content\/uploads\/2020\/02\/IMG_6088_web-1024x683.jpg\" alt=\"\" class=\"wp-image-56\" srcset=\"https:\/\/fw-gerda-apitz.de\/wp-content\/uploads\/2020\/02\/IMG_6088_web-1024x683.jpg 1024w, https:\/\/fw-gerda-apitz.de\/wp-content\/uploads\/2020\/02\/IMG_6088_web-300x200.jpg 300w, https:\/\/fw-gerda-apitz.de\/wp-content\/uploads\/2020\/02\/IMG_6088_web-768x512.jpg 768w, https:\/\/fw-gerda-apitz.de\/wp-content\/uploads\/2020\/02\/IMG_6088_web-1536x1024.jpg 1536w, https:\/\/fw-gerda-apitz.de\/wp-content\/uploads\/2020\/02\/IMG_6088_web-2048x1365.jpg 2048w, https:\/\/fw-gerda-apitz.de\/wp-content\/uploads\/2020\/02\/IMG_6088_web-1140x760.jpg 1140w\" sizes=\"auto, (max-width: 1024px) 100vw, 1024px\" \/><\/figure>\n\n\n\n<figure class=\"wp-block-image size-large\"><img loading=\"lazy\" decoding=\"async\" width=\"1024\" height=\"683\" data-id=\"55\" src=\"https:\/\/fw-gerda-apitz.de\/wp-content\/uploads\/2020\/02\/IMG_6097_web-1024x683.jpg\" alt=\"\" class=\"wp-image-55\" srcset=\"https:\/\/fw-gerda-apitz.de\/wp-content\/uploads\/2020\/02\/IMG_6097_web-1024x683.jpg 1024w, https:\/\/fw-gerda-apitz.de\/wp-content\/uploads\/2020\/02\/IMG_6097_web-300x200.jpg 300w, https:\/\/fw-gerda-apitz.de\/wp-content\/uploads\/2020\/02\/IMG_6097_web-768x512.jpg 768w, https:\/\/fw-gerda-apitz.de\/wp-content\/uploads\/2020\/02\/IMG_6097_web-1536x1024.jpg 1536w, https:\/\/fw-gerda-apitz.de\/wp-content\/uploads\/2020\/02\/IMG_6097_web-2048x1365.jpg 2048w, https:\/\/fw-gerda-apitz.de\/wp-content\/uploads\/2020\/02\/IMG_6097_web-1140x760.jpg 1140w\" sizes=\"auto, (max-width: 1024px) 100vw, 1024px\" \/><\/figure>\n<\/figure>\n\n\n\n<p><\/p>\n\n\n\n<p>Ferienwohnung am B\u00fcckeberg 57,00 \u20ac f\u00fcr 1-2 Personen pro Nacht.<\/p>\n\n\n\n<p>77,00 \u20ac f\u00fcr 3 Personen pro Nacht<\/p>\n\n\n\n<p>(mehr Personen nur auf Anfrage)<\/p>\n\n\n\n<p>Endreinigung 35,00\u20ac<\/p>\n\n\n\n<p>Mindestaufenthalt: 2 N\u00e4chte<\/p>\n\n\n\n<p><\/p>\n\n\n\n<ul class=\"wp-block-list\">\n<li>3 Erwachsenen Fahrr\u00e4der sind vorhanden und im Preis inbegriffen<\/li>\n\n\n\n<li>Platz f\u00fcr Babybett und Zustellbetten<\/li>\n\n\n\n<li>Zus\u00e4tzlich gibt es eine Schlafcouch im Wohnzimmer<\/li>\n\n\n\n<li>Grillm\u00f6glichkeit auf der Terrasse (Elektrogrill)<\/li>\n\n\n\n<li> 3 Schlafpl\u00e4tze vorhanden<\/li>\n\n\n\n<li>Apartment mit Gartenblick <br><br><\/li>\n<\/ul>\n\n\n\n<p><strong>Genie\u00dfen Sie die vielen Ausflugsziele in der Umgebung:<\/strong><br>Wassertretbecken<br>Schwefelquelle<br>Reiterh\u00f6fe f\u00fcr Kinder und Erwachsene<br>Dino Park M\u00fcnchehagen<br>Pottspark Erlebnispark<br>Ramba Zamba Indoor Spielplatz<br>Altstadt Stadthagen<br>B\u00fcckeburger Schlo\u00df<br>Hubschauber Museeum B\u00fcckeburg<br>Kaiser Willhelm Denkmal Minden<br>Steinhuder Meer<br>Hannover ca. 50 km \/ Flughafen \/ Messeort<br><br><br><\/p>\n","protected":false},"excerpt":{"rendered":"<p>Ferienwohnung am B\u00fcckeberg 57,00 \u20ac f\u00fcr 1-2 Personen pro Nacht. 77,00 \u20ac f\u00fcr 3 Personen pro Nacht (mehr Personen nur auf Anfrage) Endreinigung 35,00\u20ac Mindestaufenthalt: 2 N\u00e4chte Genie\u00dfen Sie die vielen Ausflugsziele in der Umgebung:WassertretbeckenSchwefelquelleReiterh\u00f6fe f\u00fcr Kinder und ErwachseneDino Park M\u00fcnchehagenPottspark ErlebnisparkRamba Zamba Indoor SpielplatzAltstadt StadthagenB\u00fcckeburger Schlo\u00dfHubschauber Museeum B\u00fcckeburgKaiser Willhelm Denkmal MindenSteinhuder MeerHannover ca. 50 km \/ Flughafen \/ Messeort<\/p>\n","protected":false},"author":1,"featured_media":0,"parent":0,"menu_order":0,"comment_status":"closed","ping_status":"closed","template":"","meta":{"footnotes":""},"class_list":["post-31","page","type-page","status-publish","hentry"],"yoast_head":"<!-- This site is optimized with the Yoast SEO plugin v27.4 - https:\/\/yoast.com\/product\/yoast-seo-wordpress\/ -->\n<title>Ihr Wohlf\u00fchl &amp; Wohnbereich - Ferienwohnung<\/title>\n<meta name=\"robots\" content=\"index, follow, max-snippet:-1, max-image-preview:large, max-video-preview:-1\" \/>\n<link rel=\"canonical\" href=\"https:\/\/fw-gerda-apitz.de\/\" \/>\n<meta property=\"og:locale\" content=\"de_DE\" \/>\n<meta property=\"og:type\" content=\"article\" \/>\n<meta property=\"og:title\" content=\"Ihr Wohlf\u00fchl &amp; Wohnbereich - Ferienwohnung\" \/>\n<meta property=\"og:description\" content=\"Ferienwohnung am B\u00fcckeberg 57,00 \u20ac f\u00fcr 1-2 Personen pro Nacht. 77,00 \u20ac f\u00fcr 3 Personen pro Nacht (mehr Personen nur auf Anfrage) Endreinigung 35,00\u20ac Mindestaufenthalt: 2 N\u00e4chte Genie\u00dfen Sie die vielen Ausflugsziele in der Umgebung:WassertretbeckenSchwefelquelleReiterh\u00f6fe f\u00fcr Kinder und ErwachseneDino Park M\u00fcnchehagenPottspark ErlebnisparkRamba Zamba Indoor SpielplatzAltstadt StadthagenB\u00fcckeburger Schlo\u00dfHubschauber Museeum B\u00fcckeburgKaiser Willhelm Denkmal MindenSteinhuder MeerHannover ca. 50 km \/ Flughafen \/ Messeort\" \/>\n<meta property=\"og:url\" content=\"https:\/\/fw-gerda-apitz.de\/\" \/>\n<meta property=\"og:site_name\" content=\"Ferienwohnung\" \/>\n<meta property=\"article:modified_time\" content=\"2023-01-08T12:00:36+00:00\" \/>\n<meta property=\"og:image\" content=\"https:\/\/fw-gerda-apitz.de\/wp-content\/uploads\/2020\/02\/IMG_6085_web-683x1024.jpg\" \/>\n<meta name=\"twitter:card\" content=\"summary_large_image\" \/>\n<script type=\"application\/ld+json\" class=\"yoast-schema-graph\">{\"@context\":\"https:\\\/\\\/schema.org\",\"@graph\":[{\"@type\":\"WebPage\",\"@id\":\"https:\\\/\\\/fw-gerda-apitz.de\\\/\",\"url\":\"https:\\\/\\\/fw-gerda-apitz.de\\\/\",\"name\":\"Ihr Wohlf\u00fchl & Wohnbereich - Ferienwohnung\",\"isPartOf\":{\"@id\":\"https:\\\/\\\/fw-gerda-apitz.de\\\/#website\"},\"primaryImageOfPage\":{\"@id\":\"https:\\\/\\\/fw-gerda-apitz.de\\\/#primaryimage\"},\"image\":{\"@id\":\"https:\\\/\\\/fw-gerda-apitz.de\\\/#primaryimage\"},\"thumbnailUrl\":\"https:\\\/\\\/fw-gerda-apitz.de\\\/wp-content\\\/uploads\\\/2020\\\/02\\\/IMG_6085_web-683x1024.jpg\",\"datePublished\":\"2020-02-26T19:59:37+00:00\",\"dateModified\":\"2023-01-08T12:00:36+00:00\",\"breadcrumb\":{\"@id\":\"https:\\\/\\\/fw-gerda-apitz.de\\\/#breadcrumb\"},\"inLanguage\":\"de\",\"potentialAction\":[{\"@type\":\"ReadAction\",\"target\":[\"https:\\\/\\\/fw-gerda-apitz.de\\\/\"]}]},{\"@type\":\"ImageObject\",\"inLanguage\":\"de\",\"@id\":\"https:\\\/\\\/fw-gerda-apitz.de\\\/#primaryimage\",\"url\":\"https:\\\/\\\/fw-gerda-apitz.de\\\/wp-content\\\/uploads\\\/2020\\\/02\\\/IMG_6085_web-683x1024.jpg\",\"contentUrl\":\"https:\\\/\\\/fw-gerda-apitz.de\\\/wp-content\\\/uploads\\\/2020\\\/02\\\/IMG_6085_web-683x1024.jpg\"},{\"@type\":\"BreadcrumbList\",\"@id\":\"https:\\\/\\\/fw-gerda-apitz.de\\\/#breadcrumb\",\"itemListElement\":[{\"@type\":\"ListItem\",\"position\":1,\"name\":\"Startseite\",\"item\":\"https:\\\/\\\/fw-gerda-apitz.de\\\/\"},{\"@type\":\"ListItem\",\"position\":2,\"name\":\"Ihr Wohlf\u00fchl &#038; Wohnbereich\"}]},{\"@type\":\"WebSite\",\"@id\":\"https:\\\/\\\/fw-gerda-apitz.de\\\/#website\",\"url\":\"https:\\\/\\\/fw-gerda-apitz.de\\\/\",\"name\":\"Ferienwohnung\",\"description\":\"Gerda Apitz | Wendthagen mal anders erleben\",\"potentialAction\":[{\"@type\":\"SearchAction\",\"target\":{\"@type\":\"EntryPoint\",\"urlTemplate\":\"https:\\\/\\\/fw-gerda-apitz.de\\\/?s={search_term_string}\"},\"query-input\":{\"@type\":\"PropertyValueSpecification\",\"valueRequired\":true,\"valueName\":\"search_term_string\"}}],\"inLanguage\":\"de\"}]}<\/script>\n<!-- \/ Yoast SEO plugin. -->","yoast_head_json":{"title":"Ihr Wohlf\u00fchl & Wohnbereich - Ferienwohnung","robots":{"index":"index","follow":"follow","max-snippet":"max-snippet:-1","max-image-preview":"max-image-preview:large","max-video-preview":"max-video-preview:-1"},"canonical":"https:\/\/fw-gerda-apitz.de\/","og_locale":"de_DE","og_type":"article","og_title":"Ihr Wohlf\u00fchl & Wohnbereich - Ferienwohnung","og_description":"Ferienwohnung am B\u00fcckeberg 57,00 \u20ac f\u00fcr 1-2 Personen pro Nacht. 77,00 \u20ac f\u00fcr 3 Personen pro Nacht (mehr Personen nur auf Anfrage) Endreinigung 35,00\u20ac Mindestaufenthalt: 2 N\u00e4chte Genie\u00dfen Sie die vielen Ausflugsziele in der Umgebung:WassertretbeckenSchwefelquelleReiterh\u00f6fe f\u00fcr Kinder und ErwachseneDino Park M\u00fcnchehagenPottspark ErlebnisparkRamba Zamba Indoor SpielplatzAltstadt StadthagenB\u00fcckeburger Schlo\u00dfHubschauber Museeum B\u00fcckeburgKaiser Willhelm Denkmal MindenSteinhuder MeerHannover ca. 50 km \/ Flughafen \/ Messeort","og_url":"https:\/\/fw-gerda-apitz.de\/","og_site_name":"Ferienwohnung","article_modified_time":"2023-01-08T12:00:36+00:00","og_image":[{"url":"https:\/\/fw-gerda-apitz.de\/wp-content\/uploads\/2020\/02\/IMG_6085_web-683x1024.jpg","type":"","width":"","height":""}],"twitter_card":"summary_large_image","schema":{"@context":"https:\/\/schema.org","@graph":[{"@type":"WebPage","@id":"https:\/\/fw-gerda-apitz.de\/","url":"https:\/\/fw-gerda-apitz.de\/","name":"Ihr Wohlf\u00fchl & Wohnbereich - Ferienwohnung","isPartOf":{"@id":"https:\/\/fw-gerda-apitz.de\/#website"},"primaryImageOfPage":{"@id":"https:\/\/fw-gerda-apitz.de\/#primaryimage"},"image":{"@id":"https:\/\/fw-gerda-apitz.de\/#primaryimage"},"thumbnailUrl":"https:\/\/fw-gerda-apitz.de\/wp-content\/uploads\/2020\/02\/IMG_6085_web-683x1024.jpg","datePublished":"2020-02-26T19:59:37+00:00","dateModified":"2023-01-08T12:00:36+00:00","breadcrumb":{"@id":"https:\/\/fw-gerda-apitz.de\/#breadcrumb"},"inLanguage":"de","potentialAction":[{"@type":"ReadAction","target":["https:\/\/fw-gerda-apitz.de\/"]}]},{"@type":"ImageObject","inLanguage":"de","@id":"https:\/\/fw-gerda-apitz.de\/#primaryimage","url":"https:\/\/fw-gerda-apitz.de\/wp-content\/uploads\/2020\/02\/IMG_6085_web-683x1024.jpg","contentUrl":"https:\/\/fw-gerda-apitz.de\/wp-content\/uploads\/2020\/02\/IMG_6085_web-683x1024.jpg"},{"@type":"BreadcrumbList","@id":"https:\/\/fw-gerda-apitz.de\/#breadcrumb","itemListElement":[{"@type":"ListItem","position":1,"name":"Startseite","item":"https:\/\/fw-gerda-apitz.de\/"},{"@type":"ListItem","position":2,"name":"Ihr Wohlf\u00fchl &#038; Wohnbereich"}]},{"@type":"WebSite","@id":"https:\/\/fw-gerda-apitz.de\/#website","url":"https:\/\/fw-gerda-apitz.de\/","name":"Ferienwohnung","description":"Gerda Apitz | Wendthagen mal anders erleben","potentialAction":[{"@type":"SearchAction","target":{"@type":"EntryPoint","urlTemplate":"https:\/\/fw-gerda-apitz.de\/?s={search_term_string}"},"query-input":{"@type":"PropertyValueSpecification","valueRequired":true,"valueName":"search_term_string"}}],"inLanguage":"de"}]}},"_links":{"self":[{"href":"https:\/\/fw-gerda-apitz.de\/index.php?rest_route=\/wp\/v2\/pages\/31","targetHints":{"allow":["GET"]}}],"collection":[{"href":"https:\/\/fw-gerda-apitz.de\/index.php?rest_route=\/wp\/v2\/pages"}],"about":[{"href":"https:\/\/fw-gerda-apitz.de\/index.php?rest_route=\/wp\/v2\/types\/page"}],"author":[{"embeddable":true,"href":"https:\/\/fw-gerda-apitz.de\/index.php?rest_route=\/wp\/v2\/users\/1"}],"replies":[{"embeddable":true,"href":"https:\/\/fw-gerda-apitz.de\/index.php?rest_route=%2Fwp%2Fv2%2Fcomments&post=31"}],"version-history":[{"count":14,"href":"https:\/\/fw-gerda-apitz.de\/index.php?rest_route=\/wp\/v2\/pages\/31\/revisions"}],"predecessor-version":[{"id":192,"href":"https:\/\/fw-gerda-apitz.de\/index.php?rest_route=\/wp\/v2\/pages\/31\/revisions\/192"}],"wp:attachment":[{"href":"https:\/\/fw-gerda-apitz.de\/index.php?rest_route=%2Fwp%2Fv2%2Fmedia&parent=31"}],"curies":[{"name":"wp","href":"https:\/\/api.w.org\/{rel}","templated":true}]}}